{"id":974,"date":"2019-12-18T12:38:32","date_gmt":"2019-12-18T11:38:32","guid":{"rendered":"http:\/\/collectif-apres.fr\/?page_id=974"},"modified":"2025-09-29T10:25:39","modified_gmt":"2025-09-29T08:25:39","slug":"psychotherapie-individuelle","status":"publish","type":"page","link":"https:\/\/collectif-apres.fr\/index.php\/psychotherapie-individuelle\/","title":{"rendered":"Psychoth\u00e9rapie individuelle"},"content":{"rendered":"\t\t<div data-elementor-type=\"wp-page\" data-elementor-id=\"974\" class=\"elementor elementor-974\">\n\t\t\t\t\t\t<section class=\"elementor-section elementor-top-section elementor-element elementor-element-532de024 elementor-section-boxed elementor-section-height-default elementor-section-height-default\" data-id=\"532de024\" data-element_type=\"section\" data-e-type=\"section\" data-settings=\"{&quot;background_background&quot;:&quot;classic&quot;}\">\n\t\t\t\t\t\t\t<div class=\"elementor-background-overlay\"><\/div>\n\t\t\t\t\t\t\t<div class=\"elementor-container elementor-column-gap-default\">\n\t\t\t\t\t<div class=\"elementor-column elementor-col-100 elementor-top-column elementor-element elementor-element-3ebc6e1a\" data-id=\"3ebc6e1a\" data-element_type=\"column\" data-e-type=\"column\">\n\t\t\t<div class=\"elementor-widget-wrap elementor-element-populated\">\n\t\t\t\t\t\t<div class=\"elementor-element elementor-element-191ca52b elementor-widget-divider--view-line elementor-widget elementor-widget-divider\" data-id=\"191ca52b\" data-element_type=\"widget\" data-e-type=\"widget\" data-widget_type=\"divider.default\">\n\t\t\t\t<div class=\"elementor-widget-container\">\n\t\t\t\t\t\t\t<div class=\"elementor-divider\">\n\t\t\t<span class=\"elementor-divider-separator\">\n\t\t\t\t\t\t<\/span>\n\t\t<\/div>\n\t\t\t\t\t\t<\/div>\n\t\t\t\t<\/div>\n\t\t\t\t<div class=\"elementor-element elementor-element-6c42a6ed elementor-widget elementor-widget-heading\" data-id=\"6c42a6ed\" data-element_type=\"widget\" data-e-type=\"widget\" data-widget_type=\"heading.default\">\n\t\t\t\t<div class=\"elementor-widget-container\">\n\t\t\t\t\t<h1 class=\"elementor-heading-title elementor-size-default\">EN INDIVIDUEL<\/h1>\t\t\t\t<\/div>\n\t\t\t\t<\/div>\n\t\t\t\t\t<\/div>\n\t\t<\/div>\n\t\t\t\t\t<\/div>\n\t\t<\/section>\n\t\t\t\t<section class=\"elementor-section elementor-top-section elementor-element elementor-element-150c5a26 elementor-section-height-min-height elementor-section-items-stretch elementor-section-content-middle elementor-section-boxed elementor-section-height-default\" data-id=\"150c5a26\" data-element_type=\"section\" data-e-type=\"section\" data-settings=\"{&quot;background_background&quot;:&quot;gradient&quot;,&quot;shape_divider_bottom&quot;:&quot;curve&quot;,&quot;shape_divider_top&quot;:&quot;tilt&quot;}\">\n\t\t\t\t\t\t\t<div class=\"elementor-background-overlay\"><\/div>\n\t\t\t\t\t\t<div class=\"elementor-shape elementor-shape-top\" aria-hidden=\"true\" data-negative=\"false\">\n\t\t\t<svg xmlns=\"http:\/\/www.w3.org\/2000\/svg\" viewBox=\"0 0 1000 100\" preserveAspectRatio=\"none\">\n\t<path class=\"elementor-shape-fill\" d=\"M0,6V0h1000v100L0,6z\"\/>\n<\/svg>\t\t<\/div>\n\t\t\t\t<div class=\"elementor-shape elementor-shape-bottom\" aria-hidden=\"true\" data-negative=\"false\">\n\t\t\t<svg xmlns=\"http:\/\/www.w3.org\/2000\/svg\" viewBox=\"0 0 1000 100\" preserveAspectRatio=\"none\">\n    <path class=\"elementor-shape-fill\" d=\"M1000,4.3V0H0v4.3C0.9,23.1,126.7,99.2,500,100S1000,22.7,1000,4.3z\"\/>\n<\/svg>\t\t<\/div>\n\t\t\t\t\t<div class=\"elementor-container elementor-column-gap-wide\">\n\t\t\t\t\t<div class=\"elementor-column elementor-col-100 elementor-top-column elementor-element elementor-element-31ff016b\" data-id=\"31ff016b\" data-element_type=\"column\" data-e-type=\"column\">\n\t\t\t<div class=\"elementor-widget-wrap elementor-element-populated\">\n\t\t\t\t\t\t<div class=\"elementor-element elementor-element-611eb1b7 elementor-widget elementor-widget-heading\" data-id=\"611eb1b7\" data-element_type=\"widget\" data-e-type=\"widget\" data-widget_type=\"heading.default\">\n\t\t\t\t<div class=\"elementor-widget-container\">\n\t\t\t\t\t<h1 class=\"elementor-heading-title elementor-size-default\">Psychoth\u00e9rapie individuelle<\/h1>\t\t\t\t<\/div>\n\t\t\t\t<\/div>\n\t\t\t\t<div class=\"elementor-element elementor-element-ce2b9fe elementor-widget-divider--view-line elementor-widget elementor-widget-divider\" data-id=\"ce2b9fe\" data-element_type=\"widget\" data-e-type=\"widget\" data-widget_type=\"divider.default\">\n\t\t\t\t<div class=\"elementor-widget-container\">\n\t\t\t\t\t\t\t<div class=\"elementor-divider\">\n\t\t\t<span class=\"elementor-divider-separator\">\n\t\t\t\t\t\t<\/span>\n\t\t<\/div>\n\t\t\t\t\t\t<\/div>\n\t\t\t\t<\/div>\n\t\t\t\t<div class=\"elementor-element elementor-element-3bb2554a elementor-widget elementor-widget-text-editor\" data-id=\"3bb2554a\" data-element_type=\"widget\" data-e-type=\"widget\" data-widget_type=\"text-editor.default\">\n\t\t\t\t<div class=\"elementor-widget-container\">\n\t\t\t\t\t\t\t\t\t<p>Elodie Frediani re\u00e7oit les adolescents et les adultes.<\/p><p>Son approche est une approche int\u00e9grative, c\u2019est-\u00e0-dire qu&rsquo;elle adapte les outils th\u00e9oriques et cliniques \u00e0 la probl\u00e9matique de chaque personne.<\/p><p>La th\u00e9rapie vise \u00e0 aider la personne qui souffre de difficult\u00e9s handicapantes (d\u00e9pression, anxi\u00e9t\u00e9, troubles du comportement alimentaire, alcoolo-d\u00e9pendance, phobie sociale, etc.), qui a des difficult\u00e9s dans ses relations avec les autres\u00a0(instabilit\u00e9 affective, timidit\u00e9, impulsivit\u00e9), ou qui souhaite avoir un espace pour se questionner sur la direction que prend sa vie.<\/p><p><span style=\"text-decoration: underline;\"><strong>Rythme et dur\u00e9e des s\u00e9ances<\/strong><\/span><br \/><span style=\"font-size: 16px; font-style: normal; background-color: transparent;\">S\u00e9ances en face \u00e0 face d\u2019environ 45 min. Fr\u00e9quence variable.<\/span><\/p><p><span style=\"text-decoration: underline;\"><strong>Tarif<\/strong><\/span><br \/>70 euros<span style=\"font-size: 16px; background-color: transparent;\">\u00a0<\/span><\/p><p>\u00a0<\/p><p><strong><span style=\"color: #993366;\">Des t\u00e9l\u00e9consultations sont possibles les lundis.\u00a0<\/span><\/strong><\/p><p><strong><span style=\"color: #993366;\">Pour toute demande, merci d&rsquo;adresser un mail \u00e0\u00a0<\/span><\/strong><\/p><p><strong><span style=\"color: #993366;\">e.frediani@collectif-apres.fr<\/span><\/strong><\/p>\t\t\t\t\t\t\t\t<\/div>\n\t\t\t\t<\/div>\n\t\t\t\t\t<\/div>\n\t\t<\/div>\n\t\t\t\t\t<\/div>\n\t\t<\/section>\n\t\t\t\t<\/div>\n\t\t","protected":false},"excerpt":{"rendered":"<p>EN INDIVIDUEL Psychoth\u00e9rapie individuelle Elodie Frediani re\u00e7oit les adolescents et les adultes. Son approche est une approche int\u00e9grative, c\u2019est-\u00e0-dire qu&rsquo;elle adapte les outils th\u00e9oriques et cliniques \u00e0 la probl\u00e9matique de chaque personne. La th\u00e9rapie vise \u00e0 aider la personne qui souffre de difficult\u00e9s handicapantes (d\u00e9pression, anxi\u00e9t\u00e9, troubles du comportement alimentaire, alcoolo-d\u00e9pendance, phobie sociale, etc.), qui [&hellip;]<\/p>\n","protected":false},"author":1,"featured_media":0,"parent":0,"menu_order":0,"comment_status":"closed","ping_status":"closed","template":"","meta":{"_uag_custom_page_level_css":"","site-sidebar-layout":"no-sidebar","site-content-layout":"page-builder","ast-site-content-layout":"default","site-content-style":"default","site-sidebar-style":"default","ast-global-header-display":"","ast-banner-title-visibility":"","ast-main-header-display":"","ast-hfb-above-header-display":"","ast-hfb-below-header-display":"","ast-hfb-mobile-header-display":"","site-post-title":"disabled","ast-breadcrumbs-content":"","ast-featured-img":"disabled","footer-sml-layout":"","theme-transparent-header-meta":"default","adv-header-id-meta":"","stick-header-meta":"","header-above-stick-meta":"","header-main-stick-meta":"","header-below-stick-meta":"","astra-migrate-meta-layouts":"default","ast-page-background-enabled":"default","ast-page-background-meta":{"desktop":{"background-color":"var(--ast-global-color-4)","background-image":"","background-repeat":"repeat","background-position":"center center","background-size":"auto","background-attachment":"scroll","background-type":"","background-media":"","overlay-type":"","overlay-color":"","overlay-opacity":"","overlay-gradient":""},"tablet":{"background-color":"","background-image":"","background-repeat":"repeat","background-position":"center center","background-size":"auto","background-attachment":"scroll","background-type":"","background-media":"","overlay-type":"","overlay-color":"","overlay-opacity":"","overlay-gradient":""},"mobile":{"background-color":"","background-image":"","background-repeat":"repeat","background-position":"center center","background-size":"auto","background-attachment":"scroll","background-type":"","background-media":"","overlay-type":"","overlay-color":"","overlay-opacity":"","overlay-gradient":""}},"ast-content-background-meta":{"desktop":{"background-color":"var(--ast-global-color-5)","background-image":"","background-repeat":"repeat","background-position":"center center","background-size":"auto","background-attachment":"scroll","background-type":"","background-media":"","overlay-type":"","overlay-color":"","overlay-opacity":"","overlay-gradient":""},"tablet":{"background-color":"var(--ast-global-color-5)","background-image":"","background-repeat":"repeat","background-position":"center center","background-size":"auto","background-attachment":"scroll","background-type":"","background-media":"","overlay-type":"","overlay-color":"","overlay-opacity":"","overlay-gradient":""},"mobile":{"background-color":"var(--ast-global-color-5)","background-image":"","background-repeat":"repeat","background-position":"center center","background-size":"auto","background-attachment":"scroll","background-type":"","background-media":"","overlay-type":"","overlay-color":"","overlay-opacity":"","overlay-gradient":""}},"footnotes":""},"class_list":["post-974","page","type-page","status-publish","hentry"],"uagb_featured_image_src":{"full":false,"thumbnail":false,"medium":false,"medium_large":false,"large":false,"1536x1536":false,"2048x2048":false,"woocommerce_thumbnail":false,"woocommerce_single":false,"woocommerce_gallery_thumbnail":false},"uagb_author_info":{"display_name":"admin6693","author_link":"https:\/\/collectif-apres.fr\/index.php\/author\/admin6693\/"},"uagb_comment_info":0,"uagb_excerpt":"EN INDIVIDUEL Psychoth\u00e9rapie individuelle Elodie Frediani re\u00e7oit les adolescents et les adultes. Son approche est une approche int\u00e9grative, c\u2019est-\u00e0-dire qu&rsquo;elle adapte les outils th\u00e9oriques et cliniques \u00e0 la probl\u00e9matique de chaque personne. La th\u00e9rapie vise \u00e0 aider la personne qui souffre de difficult\u00e9s handicapantes (d\u00e9pression, anxi\u00e9t\u00e9, troubles du comportement alimentaire, alcoolo-d\u00e9pendance, phobie sociale, etc.), qui\u2026","_links":{"self":[{"href":"https:\/\/collectif-apres.fr\/index.php\/wp-json\/wp\/v2\/pages\/974","targetHints":{"allow":["GET"]}}],"collection":[{"href":"https:\/\/collectif-apres.fr\/index.php\/wp-json\/wp\/v2\/pages"}],"about":[{"href":"https:\/\/collectif-apres.fr\/index.php\/wp-json\/wp\/v2\/types\/page"}],"author":[{"embeddable":true,"href":"https:\/\/collectif-apres.fr\/index.php\/wp-json\/wp\/v2\/users\/1"}],"replies":[{"embeddable":true,"href":"https:\/\/collectif-apres.fr\/index.php\/wp-json\/wp\/v2\/comments?post=974"}],"version-history":[{"count":31,"href":"https:\/\/collectif-apres.fr\/index.php\/wp-json\/wp\/v2\/pages\/974\/revisions"}],"predecessor-version":[{"id":1265,"href":"https:\/\/collectif-apres.fr\/index.php\/wp-json\/wp\/v2\/pages\/974\/revisions\/1265"}],"wp:attachment":[{"href":"https:\/\/collectif-apres.fr\/index.php\/wp-json\/wp\/v2\/media?parent=974"}],"curies":[{"name":"wp","href":"https:\/\/api.w.org\/{rel}","templated":true}]}}